{"id":58,"date":"2019-12-07T18:42:39","date_gmt":"2019-12-07T18:42:39","guid":{"rendered":"https:\/\/development.dirk-westedt.de\/?page_id=58"},"modified":"2021-01-07T19:54:35","modified_gmt":"2021-01-07T19:54:35","slug":"termine","status":"publish","type":"page","link":"https:\/\/dirk-westedt.de\/?page_id=58","title":{"rendered":"Termine"},"content":{"rendered":"\n<p>Leider hat die Corona-Pandemie die urspr\u00fcngliche Wahlkampf-Planung v\u00f6llig \u00fcber den Haufen geworfen. Diverse B\u00fcrgergespr\u00e4che, Ortstermine und Diskussionsveranstaltungen k\u00f6nnen \u2013 obwohl geplant &#8211; verantwortungsvoll nicht mehr durchgef\u00fchrt werden.<\/p>\n\n\n\n<div class=\"wp-block-image\"><figure class=\"alignleft size-large is-resized\"><img loading=\"lazy\" decoding=\"async\" src=\"https:\/\/dirk-westedt.de\/wp-content\/uploads\/2021\/01\/Dirk_aufraeumen_silvester-1024x768.jpg\" alt=\"\" class=\"wp-image-211\" width=\"319\" height=\"240\" srcset=\"https:\/\/dirk-westedt.de\/wp-content\/uploads\/2021\/01\/Dirk_aufraeumen_silvester-1024x768.jpg 1024w, https:\/\/dirk-westedt.de\/wp-content\/uploads\/2021\/01\/Dirk_aufraeumen_silvester-300x225.jpg 300w, https:\/\/dirk-westedt.de\/wp-content\/uploads\/2021\/01\/Dirk_aufraeumen_silvester-768x576.jpg 768w, https:\/\/dirk-westedt.de\/wp-content\/uploads\/2021\/01\/Dirk_aufraeumen_silvester-1536x1152.jpg 1536w, https:\/\/dirk-westedt.de\/wp-content\/uploads\/2021\/01\/Dirk_aufraeumen_silvester-830x623.jpg 830w, https:\/\/dirk-westedt.de\/wp-content\/uploads\/2021\/01\/Dirk_aufraeumen_silvester-230x173.jpg 230w, https:\/\/dirk-westedt.de\/wp-content\/uploads\/2021\/01\/Dirk_aufraeumen_silvester-350x263.jpg 350w, https:\/\/dirk-westedt.de\/wp-content\/uploads\/2021\/01\/Dirk_aufraeumen_silvester-480x360.jpg 480w, https:\/\/dirk-westedt.de\/wp-content\/uploads\/2021\/01\/Dirk_aufraeumen_silvester.jpg 2016w\" sizes=\"auto, (max-width: 319px) 100vw, 319px\" \/><\/figure><\/div>\n\n\n\n<p>Stattdessen werde ich verst\u00e4rkt auf Internet-Kontakte setzen und man kann mich gerne unter der Telefonnummer 06146\/1753 anrufen. Die Termine der Instagram-Sprechstunde sehen Sie unten angef\u00fchrt.<\/p>\n\n\n\n<div class=\"wp-block-image\"><figure class=\"alignright size-large is-resized\"><img loading=\"lazy\" decoding=\"async\" src=\"https:\/\/dirk-westedt.de\/wp-content\/uploads\/2020\/10\/119897282_2786659514947884_2865460380008711841_o-1024x768.jpg\" alt=\"\" class=\"wp-image-169\" width=\"340\" height=\"255\" srcset=\"https:\/\/dirk-westedt.de\/wp-content\/uploads\/2020\/10\/119897282_2786659514947884_2865460380008711841_o-1024x768.jpg 1024w, https:\/\/dirk-westedt.de\/wp-content\/uploads\/2020\/10\/119897282_2786659514947884_2865460380008711841_o-300x225.jpg 300w, https:\/\/dirk-westedt.de\/wp-content\/uploads\/2020\/10\/119897282_2786659514947884_2865460380008711841_o-768x576.jpg 768w, https:\/\/dirk-westedt.de\/wp-content\/uploads\/2020\/10\/119897282_2786659514947884_2865460380008711841_o-1536x1152.jpg 1536w, https:\/\/dirk-westedt.de\/wp-content\/uploads\/2020\/10\/119897282_2786659514947884_2865460380008711841_o-830x623.jpg 830w, https:\/\/dirk-westedt.de\/wp-content\/uploads\/2020\/10\/119897282_2786659514947884_2865460380008711841_o-230x173.jpg 230w, https:\/\/dirk-westedt.de\/wp-content\/uploads\/2020\/10\/119897282_2786659514947884_2865460380008711841_o-350x263.jpg 350w, https:\/\/dirk-westedt.de\/wp-content\/uploads\/2020\/10\/119897282_2786659514947884_2865460380008711841_o-480x360.jpg 480w, https:\/\/dirk-westedt.de\/wp-content\/uploads\/2020\/10\/119897282_2786659514947884_2865460380008711841_o.jpg 2016w\" sizes=\"auto, (max-width: 340px) 100vw, 340px\" \/><\/figure><\/div>\n\n\n\n<p>Zur Zeit sind noch Wahlst\u00e4nde f\u00fcr die Samstage direkt vor der Wahl geplant, an denen B\u00fcrgerinnen und B\u00fcrger gerne mit mir an der \u201eAlten Malzfabrik\u201c diskutieren k\u00f6nnen.<\/p>\n\n\n\n<p>Als Alternative habe ich unter dem Titel \u201eStatt Wahlkampf\u201c meine Zeit in Projekte investiert, die mir f\u00fcr die Stadt sinnvoll erscheinen.&nbsp;<\/p>\n\n\n\n<p><\/p>\n\n\n\n<p>Im Oktober habe ich zusammen mit Helfern zwei selbstfinanzierte Blumenbeete im erneuerten Hummelpark angelegt und m Neujahrstag mit Freunden das Weihergel\u00e4nde und andere Pl\u00e4tze der Stadt aufger\u00e4umt. Weitere Aktionen sind geplant.&nbsp;<\/p>\n\n\n\n<p>Sie k\u00f6nnen jederzeit auf mich zukommen.<\/p>\n\n\n\n<p><\/p>\n\n\n\n<p><\/p>\n\n\n\n<h2 class=\"wp-block-heading\">Januar<\/h2>\n\n\n\n<p>15.01.2021&nbsp;&nbsp;&nbsp;&nbsp;&nbsp;&nbsp;&nbsp;18:00 \u2013 18:30 Uhr&nbsp;&nbsp;&nbsp;&nbsp;&nbsp;&nbsp;&nbsp;&nbsp;&nbsp;Online-Sprechstunde<\/p>\n\n\n\n<p>22.01.2021&nbsp;&nbsp;&nbsp;&nbsp;&nbsp;&nbsp;&nbsp;18:00 \u2013 18:30 Uhr&nbsp;&nbsp;&nbsp;&nbsp;&nbsp;&nbsp;&nbsp;&nbsp;&nbsp;Online-Sprechstunde<\/p>\n\n\n\n<p>30.01.2021&nbsp;&nbsp;&nbsp;&nbsp;&nbsp;&nbsp;&nbsp;10:00 \u2013 13:00 Uhr&nbsp;&nbsp;&nbsp;&nbsp;&nbsp;&nbsp;&nbsp;&nbsp;&nbsp;\u201eStatt Wahlkampf\u201c \u2013 Aufkleber an Schildern entfernen<\/p>\n\n\n\n<h2 class=\"wp-block-heading\">Februar<\/h2>\n\n\n\n<p>05.02.2021&nbsp;&nbsp;&nbsp;&nbsp;&nbsp;&nbsp;&nbsp;18:00 &#8211; 18:30 Uhr&nbsp;&nbsp;&nbsp;&nbsp;&nbsp;&nbsp;&nbsp;&nbsp;&nbsp;Online-Sprechstunde<\/p>\n\n\n\n<p>13.02.2021&nbsp;&nbsp;&nbsp;&nbsp;&nbsp;&nbsp;&nbsp;09:00 &#8211; 12:00 Uhr&nbsp;&nbsp;&nbsp;&nbsp;&nbsp;&nbsp;&nbsp;&nbsp;&nbsp;\u201eStatt Wahlkampf\u201c \u2013 Graffiti entfernen&nbsp;&nbsp;&nbsp;&nbsp;&nbsp;&nbsp;&nbsp;&nbsp;&nbsp;&nbsp;&nbsp;&nbsp;&nbsp;&nbsp;&nbsp;&nbsp;&nbsp;&nbsp;&nbsp;&nbsp;&nbsp;&nbsp;<\/p>\n\n\n\n<p>19.02.2021&nbsp;&nbsp;&nbsp;&nbsp;&nbsp;&nbsp;&nbsp;18:00 &#8211; 18:30 Uhr&nbsp;&nbsp;&nbsp;&nbsp;&nbsp;&nbsp;&nbsp;&nbsp;&nbsp;Online-Sprechstunde<\/p>\n\n\n\n<p>20.02.2021&nbsp;&nbsp;&nbsp;&nbsp;&nbsp;&nbsp;&nbsp;09:00 &#8211; 12.30 Uhr&nbsp;&nbsp;&nbsp;&nbsp;&nbsp;&nbsp;&nbsp;&nbsp;&nbsp;1. Wahlstand \u201eAlte Malzfabrik\u201c<\/p>\n\n\n\n<p>26.02.2021&nbsp;&nbsp;&nbsp;&nbsp;&nbsp;&nbsp;&nbsp;15:00 &#8211; 17:00 Uhr&nbsp;&nbsp;&nbsp;&nbsp;&nbsp;&nbsp;&nbsp;&nbsp;&nbsp;\u201eStatt Wahlkampf\u201c&nbsp;&nbsp;\u2013 Pflegema\u00dfnahmen Pfortenborn Massenheim<\/p>\n\n\n\n<p>&nbsp;&nbsp;&nbsp;&nbsp;&nbsp;&nbsp;&nbsp;&nbsp;&nbsp;&nbsp;&nbsp;&nbsp;&nbsp;&nbsp;&nbsp;&nbsp;&nbsp;&nbsp;&nbsp;&nbsp;&nbsp;&nbsp;&nbsp;&nbsp;  17:00 &#8211; 20:00 Uhr&nbsp;&nbsp;&nbsp;&nbsp;&nbsp;&nbsp;&nbsp;&nbsp;&nbsp;Prospekte in Massenheim verteilen<\/p>\n\n\n\n<p>27.02.2021&nbsp;&nbsp;&nbsp;&nbsp;&nbsp;&nbsp;&nbsp;09:00 &#8211; 12:30 Uhr&nbsp;&nbsp;&nbsp;&nbsp;&nbsp;&nbsp;&nbsp;&nbsp;&nbsp;2. Wahlstand \u201eAlte Malzfabrik\u201c<\/p>\n\n\n\n<h2 class=\"wp-block-heading\">M\u00e4rz<\/h2>\n\n\n\n<p>05.03.2021&nbsp;&nbsp;&nbsp;&nbsp;&nbsp;&nbsp;&nbsp;15:00 &#8211; 17:00 Uhr&nbsp;&nbsp;&nbsp;&nbsp;&nbsp;&nbsp;&nbsp;&nbsp;&nbsp;\u201eStatt Wahlkampf\u201c&nbsp;&#8211; Pflegema\u00dfnahmen Grillplatz S\u00fcdstadt<\/p>\n\n\n\n<p>&nbsp;&nbsp;&nbsp;&nbsp;&nbsp;&nbsp;&nbsp;&nbsp;&nbsp;&nbsp;&nbsp;&nbsp;&nbsp;&nbsp;&nbsp;&nbsp;&nbsp;&nbsp;&nbsp;&nbsp;&nbsp;&nbsp;&nbsp;&nbsp;  8:00 &#8211; 18:30 Uhr&nbsp;&nbsp;&nbsp;&nbsp;&nbsp;&nbsp;&nbsp;&nbsp;&nbsp; Online-Sprechstunde<\/p>\n\n\n\n<p>06.03.2021&nbsp;&nbsp;&nbsp;&nbsp;&nbsp;&nbsp;&nbsp;09:00 &#8211; 12:30 Uhr&nbsp;&nbsp;&nbsp;&nbsp;&nbsp;&nbsp;&nbsp;&nbsp;3. Wahlstand \u201eAlte Malzfabrik\u201c<\/p>\n\n\n\n<p>12.03.2021&nbsp;&nbsp;&nbsp;&nbsp;&nbsp;&nbsp;&nbsp;18:00 &#8211; 18:30 Uhr&nbsp;&nbsp;&nbsp;&nbsp;&nbsp;&nbsp;&nbsp;&nbsp;&nbsp;Online-Sprechstunde<\/p>\n\n\n\n<p>13.03.2021&nbsp;&nbsp;&nbsp;&nbsp;&nbsp;&nbsp;&nbsp;09:00 &#8211; 12:30 Uhr&nbsp;&nbsp;&nbsp;&nbsp;&nbsp;&nbsp;&nbsp;&nbsp;&nbsp;4. Wahlstand \u201eAlte Malzfabrik\u201c<\/p>\n\n\n\n<h2 class=\"wp-block-heading\">14.3.2021&nbsp;&nbsp;&nbsp;&nbsp;&nbsp;&nbsp;B\u00fcrgermeisterwahl, Kommunalwahl<\/h2>\n\n\n\n<h3 class=\"has-text-align-center wp-block-heading\"><strong>Ich freue mich auf Begegnungen mit Ihnen!<\/strong><\/h3>\n\n\n\n<p><\/p>\n","protected":false},"excerpt":{"rendered":"<p>Leider hat die Corona-Pandemie die urspr\u00fcngliche Wahlkampf-Planung v\u00f6llig \u00fcber den Haufen geworfen. Diverse B\u00fcrgergespr\u00e4che, Ortstermine und Diskussionsveranstaltungen k\u00f6nnen \u2013 obwohl geplant &#8211; [&hellip;]<\/p>\n","protected":false},"author":1,"featured_media":8,"parent":0,"menu_order":0,"comment_status":"closed","ping_status":"closed","template":"page-templates\/page_fullwidth.php","meta":{"footnotes":""},"class_list":["post-58","page","type-page","status-publish","has-post-thumbnail","hentry"],"_links":{"self":[{"href":"https:\/\/dirk-westedt.de\/index.php?rest_route=\/wp\/v2\/pages\/58","targetHints":{"allow":["GET"]}}],"collection":[{"href":"https:\/\/dirk-westedt.de\/index.php?rest_route=\/wp\/v2\/pages"}],"about":[{"href":"https:\/\/dirk-westedt.de\/index.php?rest_route=\/wp\/v2\/types\/page"}],"author":[{"embeddable":true,"href":"https:\/\/dirk-westedt.de\/index.php?rest_route=\/wp\/v2\/users\/1"}],"replies":[{"embeddable":true,"href":"https:\/\/dirk-westedt.de\/index.php?rest_route=%2Fwp%2Fv2%2Fcomments&post=58"}],"version-history":[{"count":32,"href":"https:\/\/dirk-westedt.de\/index.php?rest_route=\/wp\/v2\/pages\/58\/revisions"}],"predecessor-version":[{"id":229,"href":"https:\/\/dirk-westedt.de\/index.php?rest_route=\/wp\/v2\/pages\/58\/revisions\/229"}],"wp:featuredmedia":[{"embeddable":true,"href":"https:\/\/dirk-westedt.de\/index.php?rest_route=\/wp\/v2\/media\/8"}],"wp:attachment":[{"href":"https:\/\/dirk-westedt.de\/index.php?rest_route=%2Fwp%2Fv2%2Fmedia&parent=58"}],"curies":[{"name":"wp","href":"https:\/\/api.w.org\/{rel}","templated":true}]}}