{"id":44,"date":"2019-12-07T18:40:37","date_gmt":"2019-12-07T18:40:37","guid":{"rendered":"https:\/\/development.dirk-westedt.de\/?page_id=44"},"modified":"2021-01-07T19:52:17","modified_gmt":"2021-01-07T19:52:17","slug":"programm","status":"publish","type":"page","link":"https:\/\/dirk-westedt.de\/?page_id=44","title":{"rendered":"Programm"},"content":{"rendered":"\n<p>In den n\u00e4chsten 6 Jahren der kommenden Wahlzeit m\u00f6chte ich Begonnenes fortsetzen, die Finanzen weiter stabil halten und Hochheim weiterentwickeln. Dabei hat die im letzten Jahr aufgetretene Corona-Pandemie die Situation f\u00fcr die Kommunen schwieriger gemacht. Jedoch haben wir Hochheim in der letzten Legislaturperiode solide aufgestellt, so dass wir in der Lage sind, diese Krise kurzfristig zu \u00fcberwinden.&nbsp;<\/p>\n\n\n\n<p>Folgende Schwerpunkte stehen dabei an:<\/p>\n\n\n\n<p class=\"has-text-align-center\"><strong>Wirtschaft und Finanzen<\/strong>:<\/p>\n\n\n\n<p>In den letzten 6 Jahren ist es mir gelungen, die Finanzen der Stadt zu konsolidieren. Mit Unterst\u00fctzung des durch die Stadtverordneten 2014 verabschiedeten Haushaltskonsolidierungs-konzeptes und der aktiven Ansiedlung leistungsstarker Gewerbesteuerzahler konnten \u00fcber 18 Millionen Kassenkredite abgebaut werden. Seit dem Jahr 2015 sind die Haushalte im Plus, selbst im Krisenjahr 2020 konnte der Haushalt nahezu ausgeglichen werden. Dadurch konnte st\u00e4dtisches Verm\u00f6gen (z. B. in Form von Kinderg\u00e4rten) geschaffen werden, ohne neue Schulden zu machen. Damit er\u00f6ffnen wir, wenn wir weiter sparsam wirtschaften, der n\u00e4chsten Generation Handlungsspielr\u00e4ume f\u00fcr die Zukunft. Es ist nicht die Zeit f\u00fcr finanzielle Abenteuer, Investitionen f\u00fcr die Zukunft m\u00fcssen mit Bedacht gesetzt werden.<\/p>\n\n\n\n<p>An der Frankfurter Stra\u00dfe werden sich in den n\u00e4chsten Jahren in Folge der erfolgreichen Wirtschaftspolitik weitere Betriebe ansiedeln, diese bringen dann auch viele neue Arbeitspl\u00e4tze mit. Aber auch der Kontakt zu den bestehenden Gewerbebetrieben ist weiter zu pflegen und die Rahmenbedingungen f\u00fcr unsere kleineren Hochheimer Betriebe sind weiter zu verbessern, z. B. durch schnelleres Internet.<\/p>\n\n\n\n<p><\/p>\n\n\n\n<p class=\"has-text-align-center\"><strong>Soziales und Bildung<\/strong>:<\/p>\n\n\n\n<p>Die Belange aller Bev\u00f6lkerungsgruppen sind dabei wichtig f\u00fcr mich, der gesellschaftliche Zusammenhang in Hochheim ist zu st\u00e4rken. Die Kinder-, Jugend- und Seniorenarbeit sind dabei besondere Schwerpunkte.<\/p>\n\n\n\n<p>Ich finde, da\u00df Familie und Beruf zusammenpassen m\u00fcssen. Mit st\u00e4dtischer Unterst\u00fctzung sind in den letzten drei Jahren 130 zus\u00e4tzliche Kindertagesst\u00e4ttenpl\u00e4tze entstanden, auch in der Schulkindbetreuung wurden die Kapazit\u00e4ten erweitert. Die Kinderzahlen sind in den letzten Jahren in Hochheim &#8211; wie auch in der Region &#8211; massiv gestiegen, so dass dringend weitere Kapazit\u00e4ten geschaffen werden m\u00fcssen. Im Jahr 2021 sollen noch ca. 130 zus\u00e4tzliche U3- und \u00dc3-Pl\u00e4tze in zwei Einrichtungen (MOMO im Rheingaubogen und SCHATZINSEL in der Frankfurter Stra\u00dfe) gebaut werden, in den Jahren 2022\/2023 folgen dann noch Einrichtungen in der Melibokusstra\u00dfe und in der Dr.-Gerold-Buschlinger-Anlage, ebenfalls nochmals ca. 140 Pl\u00e4tze. Diese Ma\u00dfnahmen bilden den Schwerpunkt bei den laufenden Kosten.&nbsp;<\/p>\n\n\n\n<p>Zeitgleich werden vom Main-Taunus-Kreis mit st\u00e4dtischer Unterst\u00fctzung und einem Aufwand von \u00fcber 20 Millionen Euro sowohl die Weinbergschule wie auch die Astrid-Lindgren-Schule umfangreich erweitert, um allen Schulkindern in Zukunft ein gutes Betreuungsangebot zu bieten.<\/p>\n\n\n\n<p>F\u00fcr unsere \u00e4lteren Mitb\u00fcrger ist es wichtig, m\u00f6glichst lange selbstbestimmt in ihrer Wohnung bleiben zu k\u00f6nnen und gleichzeitig am gesellschaftlichen Leben teilzunehmen. Entsprechende Hilfseinrichtungen und Hilfen sollten weiterhin unterst\u00fctzt werden, ich freue mich auf eine Tagespflegem\u00f6glichkeit im geplanten DRK-Pflegeheim. Die Stadt hat dabei das Angebot der aufsuchenden Seniorenarbeit wie auch der Nachbarschaftshilfe in den letzten Jahren erweitert.&nbsp;<\/p>\n\n\n\n<p>Dar\u00fcber hinaus brauchen \u00e4ltere Mitb\u00fcrger auch bedarfsgerechten Wohnraum, sowohl im preisgebundenen Wohnbau als auch auf dem freien Markt. Deshalb sind auch geeignete Baufl\u00e4chen f\u00fcr den Gescho\u00dfwohnungsbau auszuweisen. Dies erm\u00f6glicht es den \u00e4lteren Hochheimern, aus ihren zu gro\u00dfen H\u00e4usern auszuziehen. In diese k\u00f6nnen dann junge Familien nachziehen.<\/p>\n\n\n\n<p>Ich w\u00fcrde dabei als Erg\u00e4nzung der st\u00e4dtischen Immobilien den Bau eines Hauses f\u00fcr \u201eService-Wohnen\u201c unterst\u00fctzen.<\/p>\n\n\n\n<p>Auch der \u201esoziale Wohnungsbau\u201c ist von mir in den letzten Jahren vorangebracht worden, insgesamt 25 Sozialwohnungen sind in 3 Objekten entstanden. Weitere 82 Wohnungen sollen in den n\u00e4chsten 2-3 Jahren entstehen, die vor allem seniorengerecht sein sollten.<\/p>\n\n\n\n<p><\/p>\n\n\n\n<p class=\"has-text-align-center\"><strong>Infrastruktur und Verkehr<\/strong>:<\/p>\n\n\n\n<p>In Hochheim wohnt man gerne, damit das so bleibt, muss darauf geachtet werden, da\u00df auch junge Familien hier Fu\u00df fassen k\u00f6nnen.<\/p>\n\n\n\n<p>Das Baugebiet Sch\u00e4nzchen III wird zur Zeit umgesetzt, es ist eine Erfolgsgeschichte. Weiter steht die Entwicklung des Einkaufszentrums K\u00f6nigsberger Ring 2-8 an, neben weiteren Wohnungen soll auch zus\u00e4tzlich ein Drogerie-Markt angesiedelt werden.&nbsp;<\/p>\n\n\n\n<p>Wichtig f\u00fcr den Ortsteil Massenheim ist die Entwicklung des Baugebietes Nassgewann, in dem unter Umst\u00e4nden eine Einkaufsm\u00f6glichkeit angesiedelt sowie der Ortseingang von Wicker kommend mit einem Kreisel umgestaltet werden k\u00f6nnte.<\/p>\n\n\n\n<p>Weiterhin ist auch die Neugestaltung des Berliner Platzes wichtig. Die Stadtverordnetenversammlung hat sich auf eine Gestaltung mit mehr Gr\u00fcn, einem kleine Kaffee und einem Wasserspiel unter Beibehaltung von Parkplatzkapazit\u00e4ten entschieden. Nun gilt es, die Anwohner von diesem Konzept zu \u00fcberzeugen.<\/p>\n\n\n\n<p>Im Stra\u00dfenbau wurde die zeitliche Abfolge der Ma\u00dfnahmen der grundhaften Stra\u00dfenerneuerungen gestreckt, gleichzeitig wurde die Finanzierung \u00fcber die \u201ewiederkehrenden Stra\u00dfenausbaubeitr\u00e4ge\u201c von der Stadtverordnetenversammlung wieder zur\u00fcckgezogen. Die Bauma\u00dfnahmen m\u00fcssen jetzt aus allgemeinen Haushaltsmitteln finanziert werden. Zur Zeit wird als gr\u00f6\u00dfere Ma\u00dfnahme die Sanierung der Stra\u00dfe \u201eAuf der Schlicht\u201c durchgef\u00fchrt, als n\u00e4chstes steht die Sanierung des hinteren Teils der Frankfurter Stra\u00dfe an.<\/p>\n\n\n\n<p>Im Punkt Verkehrspolitik ist eine weitere Entlastung der Innenstadt durch eine Fortf\u00fchrung der Umgehungsstra\u00dfe nicht mehr m\u00f6glich. Eine komplett verkehrsberuhigte Innenstadt w\u00e4re nachteilig f\u00fcr den dortigen Einzelhandel, den es zu sch\u00fctzen gilt. Zur Zeit werden unterschiedliche Varianten diskutiert, wie die Altstadt f\u00fcr den Verkehr unattraktiver wird. Eine Rolle wird hier in Zukunft sicherlich eine Verbesserung des Busangebotes spielen. Der Hochheimer Bahnhof muss eng getaktet angefahren werden und es sind mehr Busverbindungen Richtung Massenheim und Gesundheitszentrum notwendig. Wenn 2025 der neue Bahnhof der \u201eWallauer Spange\u201c fertiggestellt wird, ist der gesamte Busverkehr Richtung Wiesbaden auch \u00fcber Massenheim neu zu planen und wird dadurch sicherlich attraktiver.<\/p>\n\n\n\n<p>Auch wenn der Flugl\u00e4rm durch die jetzige Corona-Krise stark nachgelassen hat, gilt es, unser Engagement im Kampf gegen den Flugl\u00e4rm fortzuf\u00fchren. Als Ihr Mitglied im Vorstand der Flugl\u00e4rmkommission werde ich darauf achten, da\u00df die Nord-West-Strecken nicht wieder verst\u00e4rkt angeflogen werden.<\/p>\n\n\n\n<p><\/p>\n\n\n\n<p class=\"has-text-align-center\"><strong>Kultur- und Vereinsleben<\/strong>:<\/p>\n\n\n\n<p>Das Hochheimer Kultur- und Vereinsleben ist ein Gl\u00fccksfall f\u00fcr unsere Stadt. Zur Zeit liegt es aufgrund der Corona-Ma\u00dfnahmen leider weitestgehend danieder. Nach dem Ende der Krise werde ich mein m\u00f6glichstes tun, um die vielf\u00e4ltigen Kultur- und Vereinst\u00e4tigkeiten wieder zu normalisieren. Ich selbst bin seit \u00fcber 45 Jahren aktives Mitglied eines der gr\u00f6\u00dften Sportvereine der Stadt.<\/p>\n\n\n\n<p>Insbesondere die Kinder- und Jugendarbeit sollte auch in Zukunft verst\u00e4rkt finanziell gef\u00f6rdert werden. Unsere Vereine leisten einen wesentlichen Beitrag f\u00fcr das gesellschaftliche Miteinander in unserer Stadt, in den letzten Jahren auch bei der Integration Gefl\u00fcchteter. Viele Jugendliche und Erwachsene sind hier sozial, kulturell und sportlich ehrenamtlich engagiert. Die Stadt sollte unterst\u00fctzen, wenn Vereine sich an eine sich wandelnde Schullandschaft mit mehr Ganztagsangeboten anpassen m\u00fcssen.Da die Stadt Hochheim w\u00e4chst, m\u00fcssen wir auch das Angebot an Sportst\u00e4tten bedarfsgerecht anpassen. Ich unterst\u00fctze es, wenn an der Astrid-Lindgren-Schule eine weitere 2-Feld-Sporthalle entstehen sollte, die auch au\u00dferhalb der Schulzeiten den Vereinen zur Verf\u00fcgung steht. Pers\u00f6nlich bin ich seit \u00fcber 10 Jahren ehrenamtlich im Betrieb des Hallenbades engagiert, zur Zeit als Vorsitzender des Vorstandes der Genossenschaft<\/p>\n\n\n\n<p><\/p>\n\n\n\n<p class=\"has-text-align-center\"><strong>Weinbau und Tourismus<\/strong>:<\/p>\n\n\n\n<p>Das Lebensgef\u00fchl in unserer Stadt ist stark durch den Weinbau und die Altstadt bestimmt. Leider mussten im Jahr 2020 die beiden gro\u00dfen Hochheimer Events \u2013 Markt und Weinfest \u2013 ausfallen, zum gro\u00dfen Bedauern aller Hochheimer und unserer G\u00e4ste. Ich hoffe f\u00fcr unsere B\u00fcrger, da\u00df wir beide Feste sowie viele Wochenendveranstaltungen im Jahr 2021 wieder stattfinden lassen k\u00f6nnen.&nbsp;&nbsp;<\/p>\n\n\n\n<p>Meine Familie nimmt seit Jahren mit der \u00d6ffnung unseres Hofes \u201eZum Hollerbusch\u201c am Weinfest teil.<\/p>\n\n\n\n<p>Durch die Verbesserung unseres touristischen Angebotes haben wir die Stadt in den letzten Jahren f\u00fcr ausw\u00e4rtige G\u00e4ste, aber auch f\u00fcr unsere B\u00fcrgerinnen und B\u00fcrger, attraktiver gemacht. Viele Ehrenamtliche, z. B. die Stadtf\u00fchrer, aber auch die Jungwinzer sind an diesem Prozess aktiv beteiligt.<\/p>\n\n\n\n<p>Zur Zeit werden im Arbeitskreis Innenstadt viele Ma\u00dfnahmen diskutiert, die unsere Innenstadt st\u00e4rken sollen. Hier liegen noch Aufgaben vor uns, auch in Verbindung mit dem Handwerker- und Gewerbeverein und dem \u00f6rtlichen Einzelhandel. Klar ist, dass wir mehr Wert auf die Gestaltung der Pl\u00e4tze in der Innenstadt legen wollen. Auch werde ich mich daf\u00fcr einsetzen, mit mehr B\u00e4umen f\u00fcr mehr Gr\u00fcn in der Innenstadt zu sorgen.<\/p>\n\n\n\n<p>Ich bitte Sie um Unterst\u00fctzung, damit ich diesen Weg im Dialog mit Ihnen weitergehen kann. Ich stehe Ihnen, wie in den vergangenen Jahren, in meinen B\u00fcrgersprechstunden und Interneforen f\u00fcr pers\u00f6nliche Kontakte zur Verf\u00fcgung.&nbsp;<\/p>\n","protected":false},"excerpt":{"rendered":"<p>In den n\u00e4chsten 6 Jahren der kommenden Wahlzeit m\u00f6chte ich Begonnenes fortsetzen, die Finanzen weiter stabil halten und Hochheim weiterentwickeln. Dabei hat [&hellip;]<\/p>\n","protected":false},"author":1,"featured_media":0,"parent":0,"menu_order":0,"comment_status":"closed","ping_status":"closed","template":"","meta":{"footnotes":""},"class_list":["post-44","page","type-page","status-publish","hentry"],"_links":{"self":[{"href":"https:\/\/dirk-westedt.de\/index.php?rest_route=\/wp\/v2\/pages\/44","targetHints":{"allow":["GET"]}}],"collection":[{"href":"https:\/\/dirk-westedt.de\/index.php?rest_route=\/wp\/v2\/pages"}],"about":[{"href":"https:\/\/dirk-westedt.de\/index.php?rest_route=\/wp\/v2\/types\/page"}],"author":[{"embeddable":true,"href":"https:\/\/dirk-westedt.de\/index.php?rest_route=\/wp\/v2\/users\/1"}],"replies":[{"embeddable":true,"href":"https:\/\/dirk-westedt.de\/index.php?rest_route=%2Fwp%2Fv2%2Fcomments&post=44"}],"version-history":[{"count":9,"href":"https:\/\/dirk-westedt.de\/index.php?rest_route=\/wp\/v2\/pages\/44\/revisions"}],"predecessor-version":[{"id":226,"href":"https:\/\/dirk-westedt.de\/index.php?rest_route=\/wp\/v2\/pages\/44\/revisions\/226"}],"wp:attachment":[{"href":"https:\/\/dirk-westedt.de\/index.php?rest_route=%2Fwp%2Fv2%2Fmedia&parent=44"}],"curies":[{"name":"wp","href":"https:\/\/api.w.org\/{rel}","templated":true}]}}