{"id":42,"date":"2019-12-07T18:39:55","date_gmt":"2019-12-07T18:39:55","guid":{"rendered":"https:\/\/development.dirk-westedt.de\/?page_id=42"},"modified":"2021-01-07T19:19:50","modified_gmt":"2021-01-07T19:19:50","slug":"ueber-mich","status":"publish","type":"page","link":"https:\/\/dirk-westedt.de\/?page_id=42","title":{"rendered":"\u00dcber Mich"},"content":{"rendered":"\n<p>Seit 1973 lebe ich mit meiner Familie in Hochheim, ich wurde 1964 in Leverkusen geboren.<\/p>\n\n\n\n<p>Meine Heimat ist seit 25 Jahren der \u201eHollerbusch\u201c in der Hochheimer Altstadt, wo ich mit meiner Frau und inzwischen nur noch einem Kind wohne. Die beiden \u00e4lteren Geschwister machen eine Ausbildung in der Region.<\/p>\n\n\n\n<p>Schon \u00fcber 30 Jahre engagiere ich mich kommunalpolitisch f\u00fcr die Bewohnerinnen und Bewohner und Ihrer Belange der Stadt Hochheim am Main, seit 2014 habe ich Ihr Vertrauen als B\u00fcrgermeister.<\/p>\n\n\n\n<p>Ich bitte Sie jetzt um Ihre Stimme f\u00fcr die Wahl am 14.3.2021, um meine erfolgreiche Arbeit f\u00fcr die Stadt Hochheim am Main fortsetzen zu d\u00fcrfen.<\/p>\n\n\n\n<p class=\"has-text-align-center\"><strong><br><br><\/strong><\/p>\n\n\n\n<h3 class=\"wp-block-heading\">Beruflicher Werdegang<\/h3>\n\n\n\n<p><strong>Seit dem 01.Oktober 2014<\/strong><\/p>\n\n\n\n<p>B\u00fcrgermeister der Stadt Hochheim am Main<\/p>\n\n\n\n<p><strong>2010 bis 2014<\/strong><\/p>\n\n\n\n<p>Hauptamtlicher Erster Stadtrat der Stadt Kelkheim (Taunus)<strong>,&nbsp;<\/strong>in der Verantwortung f\u00fcr die Finanzen, das Sozialamt und die Stadtwerke<\/p>\n\n\n\n<p><strong>2001 bis 2009<\/strong><\/p>\n\n\n\n<p>Als Architekt Projektsteuerer f\u00fcr Bauma\u00dfnahmen bei der Frankfurter Sparkasse, seit 2005 stellvertretender Gruppenleiter und Sachgebietsleiter Technik<\/p>\n\n\n\n<p><strong>1993 bis 2001<\/strong><\/p>\n\n\n\n<p>Als Architekt Teamleiter im Amt f\u00fcr Geb\u00e4udemanagement des Kreises Gro\u00df-Gerau<\/p>\n\n\n\n<p><strong>1989 bis 1993<\/strong><\/p>\n\n\n\n<p>Mitarbeiter in einem Frankfurter Architekturb\u00fcro, zust\u00e4ndig f\u00fcr Planung und Bauleitung zweier Sanierungsbauvorhaben (200 denkmalgesch\u00fctzte Wohnungen)<\/p>\n\n\n\n<p><strong>1986 bis 1992<\/strong><\/p>\n\n\n\n<p>Studium der Architektur an der Hochschule Mainz \u2013 University of Applied Sciences &#8211; mit Diplom-Abschluss<\/p>\n\n\n\n<p><strong>1984 bis 1985<\/strong><\/p>\n\n\n\n<p>Ableistung des Grundwehrdienstes als Fernmelder in Kassel<\/p>\n\n\n\n<p><strong>1970 bis 1984<\/strong><\/p>\n\n\n\n<p>Schulausbildung an der Grundschule in Leverkusen, der Weinbergschule in Hochheim und dem Schlo\u00dfgymnasium in Mainz, Abschluss Abitur<\/p>\n\n\n\n<h3 class=\"wp-block-heading\">Funktionen<\/h3>\n\n\n\n<ul class=\"wp-block-list\"><li>Aufsichtsratsvorsitzender Hochheimer Wohnungsbaugesellschaft<\/li><li>Vorsitzender der Betriebskommission Stadtwerke Hochheim am Main<\/li><li>Verbandsvorsteher Wasserversorgungsverband Main-Taunus West<\/li><li>Vorstandsmitglied der Flugl\u00e4rmkommission Frankfurter Flughafen<\/li><li>Vorstandsvorsitzender B\u00fcrgergenossenschaft Hochheimer Hallenbad<\/li><li>Fraktionsvorsitzender der Gruppe der Unabh\u00e4ngigen im Planungsverband Frankfurt<\/li><li>Fraktionsvorsitzender der Liberalen im Kreistag des Main-Taunus-Kreises<\/li><li>Mitglied im Vorstand der Stiftung \u201eUnser Hochheim\u201c<\/li><\/ul>\n\n\n\n<h3 class=\"wp-block-heading\">Vereine<\/h3>\n\n\n\n<ul class=\"wp-block-list\"><li>Seit 47 Jahren Mitglied er Turngemeinde Hochheim<\/li><li>Seit 34 Jahren in der Abteilungsleitung Schwimmen<\/li><li>Mitglied im F\u00f6rderverein Hochheimer Hallenbad<\/li><li>F\u00f6rderer der Freiwilligen Feuerwehren Hochheim am Main und Kelkheim (Taunus)<\/li><li>Vorsitzender des F\u00f6rdervereins Hochheimer Heimat- und Stadtkultur<\/li><li>Mitglied im F\u00f6rderverein Weinbergschule<\/li><li>Mitglied der Kolpingfamilie Hochheim am Main<\/li><\/ul>\n\n\n\n<h3 class=\"wp-block-heading\">Hobbys (wenn noch Zeit)<\/h3>\n\n\n\n<ul class=\"wp-block-list\"><li>Schwimmen (ausgebildeter Rettungsschwimmer)<\/li><li>Lesen<\/li><li>Modellautos sammeln<\/li><li>Gartenarbeit<\/li><\/ul>\n\n\n\n<p><\/p>\n","protected":false},"excerpt":{"rendered":"<p>Seit 1973 lebe ich mit meiner Familie in Hochheim, ich wurde 1964 in Leverkusen geboren. Meine Heimat ist seit 25 Jahren der [&hellip;]<\/p>\n","protected":false},"author":1,"featured_media":0,"parent":0,"menu_order":0,"comment_status":"closed","ping_status":"closed","template":"","meta":{"footnotes":""},"class_list":["post-42","page","type-page","status-publish","hentry"],"_links":{"self":[{"href":"https:\/\/dirk-westedt.de\/index.php?rest_route=\/wp\/v2\/pages\/42","targetHints":{"allow":["GET"]}}],"collection":[{"href":"https:\/\/dirk-westedt.de\/index.php?rest_route=\/wp\/v2\/pages"}],"about":[{"href":"https:\/\/dirk-westedt.de\/index.php?rest_route=\/wp\/v2\/types\/page"}],"author":[{"embeddable":true,"href":"https:\/\/dirk-westedt.de\/index.php?rest_route=\/wp\/v2\/users\/1"}],"replies":[{"embeddable":true,"href":"https:\/\/dirk-westedt.de\/index.php?rest_route=%2Fwp%2Fv2%2Fcomments&post=42"}],"version-history":[{"count":5,"href":"https:\/\/dirk-westedt.de\/index.php?rest_route=\/wp\/v2\/pages\/42\/revisions"}],"predecessor-version":[{"id":194,"href":"https:\/\/dirk-westedt.de\/index.php?rest_route=\/wp\/v2\/pages\/42\/revisions\/194"}],"wp:attachment":[{"href":"https:\/\/dirk-westedt.de\/index.php?rest_route=%2Fwp%2Fv2%2Fmedia&parent=42"}],"curies":[{"name":"wp","href":"https:\/\/api.w.org\/{rel}","templated":true}]}}