{"id":38,"date":"2019-12-07T18:38:12","date_gmt":"2019-12-07T18:38:12","guid":{"rendered":"https:\/\/development.dirk-westedt.de\/?page_id=38"},"modified":"2021-01-07T19:33:35","modified_gmt":"2021-01-07T19:33:35","slug":"home","status":"publish","type":"page","link":"https:\/\/dirk-westedt.de\/","title":{"rendered":"Home"},"content":{"rendered":"\n<p class=\"has-text-align-center\">Liebe Mitb\u00fcrgerinnen und Mitb\u00fcrger,<\/p>\n\n\n\n<p class=\"has-text-align-center\">In den n\u00e4chsten 6 Jahren der kommenden Wahlzeit m\u00f6chte ich Begonnenes fortsetzen, die Finanzen weiter stabil halten und Hochheim weiterentwickeln. <br>Dabei hat die im letzten Jahr aufgetretene Corona-Pandemie die Situation f\u00fcr die Kommunen schwieriger gemacht. <br>Jedoch haben wir Hochheim in der letzten Legislaturperiode solide aufgestellt, so dass wir in der Lage sind, diese Krise kurzfristig zu \u00fcberwinden.\u00a0<\/p>\n\n\n\n<p>Folgende Schwerpunkte stehen dabei an:<\/p>\n\n\n\n<p class=\"has-text-align-center\"><a href=\"https:\/\/dirk-westedt.de\/?page_id=113\"><strong>Wirtschaft und Finanzen<\/strong><\/a><\/p>\n\n\n\n<p class=\"has-text-align-center\"><a href=\"https:\/\/dirk-westedt.de\/?page_id=115\"><strong>Soziales und Bildung<\/strong><\/a><\/p>\n\n\n\n<p class=\"has-text-align-center\"><a href=\"https:\/\/dirk-westedt.de\/?page_id=117\"><strong>Infrastruktur und Verkehr<\/strong><\/a><\/p>\n\n\n\n<p class=\"has-text-align-center\"><a href=\"https:\/\/dirk-westedt.de\/?page_id=119\"><strong>Kultur- und Vereinsleben<\/strong><\/a><\/p>\n\n\n\n<p class=\"has-text-align-center\"><a href=\"https:\/\/dirk-westedt.de\/?page_id=121\"><strong>Weinbau und Tourismus<\/strong><\/a><\/p>\n\n\n\n<p class=\"has-text-align-center\">Vielen Dank f\u00fcr ihre Unterst\u00fctzung!<\/p>\n\n\n\n<p class=\"has-text-align-center\">Herzlichst Ihr<\/p>\n\n\n\n<div class=\"wp-block-image\"><figure class=\"aligncenter size-large\"><img loading=\"lazy\" decoding=\"async\" width=\"300\" height=\"76\" src=\"https:\/\/dirk-westedt.de\/wp-content\/uploads\/2020\/10\/unterschrift.png\" alt=\"\" class=\"wp-image-176\" srcset=\"https:\/\/dirk-westedt.de\/wp-content\/uploads\/2020\/10\/unterschrift.png 300w, https:\/\/dirk-westedt.de\/wp-content\/uploads\/2020\/10\/unterschrift-230x58.png 230w\" sizes=\"auto, (max-width: 300px) 100vw, 300px\" \/><\/figure><\/div>\n\n\n\n<p><\/p>\n","protected":false},"excerpt":{"rendered":"<p>Liebe Mitb\u00fcrgerinnen und Mitb\u00fcrger, In den n\u00e4chsten 6 Jahren der kommenden Wahlzeit m\u00f6chte ich Begonnenes fortsetzen, die Finanzen weiter stabil halten und [&hellip;]<\/p>\n","protected":false},"author":1,"featured_media":0,"parent":0,"menu_order":0,"comment_status":"closed","ping_status":"closed","template":"page-templates\/page_fullwidth.php","meta":{"footnotes":""},"class_list":["post-38","page","type-page","status-publish","hentry"],"_links":{"self":[{"href":"https:\/\/dirk-westedt.de\/index.php?rest_route=\/wp\/v2\/pages\/38","targetHints":{"allow":["GET"]}}],"collection":[{"href":"https:\/\/dirk-westedt.de\/index.php?rest_route=\/wp\/v2\/pages"}],"about":[{"href":"https:\/\/dirk-westedt.de\/index.php?rest_route=\/wp\/v2\/types\/page"}],"author":[{"embeddable":true,"href":"https:\/\/dirk-westedt.de\/index.php?rest_route=\/wp\/v2\/users\/1"}],"replies":[{"embeddable":true,"href":"https:\/\/dirk-westedt.de\/index.php?rest_route=%2Fwp%2Fv2%2Fcomments&post=38"}],"version-history":[{"count":24,"href":"https:\/\/dirk-westedt.de\/index.php?rest_route=\/wp\/v2\/pages\/38\/revisions"}],"predecessor-version":[{"id":202,"href":"https:\/\/dirk-westedt.de\/index.php?rest_route=\/wp\/v2\/pages\/38\/revisions\/202"}],"wp:attachment":[{"href":"https:\/\/dirk-westedt.de\/index.php?rest_route=%2Fwp%2Fv2%2Fmedia&parent=38"}],"curies":[{"name":"wp","href":"https:\/\/api.w.org\/{rel}","templated":true}]}}