{"id":117,"date":"2020-03-11T13:55:19","date_gmt":"2020-03-11T13:55:19","guid":{"rendered":"https:\/\/development.dirk-westedt.de\/?page_id=117"},"modified":"2021-01-07T19:34:49","modified_gmt":"2021-01-07T19:34:49","slug":"infrastruktur-und-verkehr","status":"publish","type":"page","link":"https:\/\/dirk-westedt.de\/?page_id=117","title":{"rendered":"Infrastruktur und Verkehr"},"content":{"rendered":"<p>In Hochheim wohnt man gerne, damit das so bleibt, muss darauf geachtet werden, da\u00df auch junge Familien hier Fu\u00df fassen k\u00f6nnen.<\/p>\n<p>Das Baugebiet Sch\u00e4nzchen III wird zur Zeit umgesetzt, es ist eine Erfolgsgeschichte. Weiter steht die Entwicklung des Einkaufszentrums K\u00f6nigsberger Ring 2-8 an, neben weiteren Wohnungen soll auch zus\u00e4tzlich ein Drogerie-Markt angesiedelt werden.<\/p>\n<p>Wichtig f\u00fcr den Ortsteil Massenheim ist die Entwicklung des Baugebietes Nassgewann, in dem unter Umst\u00e4nden eine Einkaufsm\u00f6glichkeit angesiedelt sowie der Ortseingang von Wicker kommend mit einem Kreisel umgestaltet werden k\u00f6nnte.<\/p>\n<p>Weiterhin ist auch die Neugestaltung des Berliner Platzes wichtig. Die Stadtverordnetenversammlung hat sich auf eine Gestaltung mit mehr Gr\u00fcn, einem kleine Kaffee und einem Wasserspiel unter Beibehaltung von Parkplatzkapazit\u00e4ten entschieden. Nun gilt es, die Anwohner von diesem Konzept zu \u00fcberzeugen.<\/p>\n<p>Im Stra\u00dfenbau wurde die zeitliche Abfolge der Ma\u00dfnahmen der grundhaften Stra\u00dfenerneuerungen gestreckt, gleichzeitig wurde die Finanzierung \u00fcber die \u201ewiederkehrenden Stra\u00dfenausbaubeitr\u00e4ge\u201c von der Stadtverordnetenversammlung wieder zur\u00fcckgezogen. Die Bauma\u00dfnahmen m\u00fcssen jetzt aus allgemeinen Haushaltsmitteln finanziert werden. Zur Zeit wird als gr\u00f6\u00dfere Ma\u00dfnahme die Sanierung der Stra\u00dfe \u201eAuf der Schlicht\u201c durchgef\u00fchrt, als n\u00e4chstes steht die Sanierung des hinteren Teils der Frankfurter Stra\u00dfe an.<\/p>\n<p>Im Punkt Verkehrspolitik ist eine weitere Entlastung der Innenstadt durch eine Fortf\u00fchrung der Umgehungsstra\u00dfe nicht mehr m\u00f6glich. Eine komplett verkehrsberuhigte Innenstadt w\u00e4re nachteilig f\u00fcr den dortigen Einzelhandel, den es zu sch\u00fctzen gilt. Zur Zeit werden unterschiedliche Varianten diskutiert, wie die Altstadt f\u00fcr den Verkehr unattraktiver wird. Eine Rolle wird hier in Zukunft sicherlich eine Verbesserung des Busangebotes spielen. Der Hochheimer Bahnhof muss eng getaktet angefahren werden und es sind mehr Busverbindungen Richtung Massenheim und Gesundheitszentrum notwendig. Wenn 2025 der neue Bahnhof der \u201eWallauer Spange\u201c fertiggestellt wird, ist der gesamte Busverkehr Richtung Wiesbaden auch \u00fcber Massenheim neu zu planen und wird dadurch sicherlich attraktiver.<\/p>\n<p>Auch wenn der Flugl\u00e4rm durch die jetzige Corona-Krise stark nachgelassen hat, gilt es, unser Engagement im Kampf gegen den Flugl\u00e4rm fortzuf\u00fchren. Als Ihr Mitglied im Vorstand der Flugl\u00e4rmkommission werde ich darauf achten, da\u00df die Nord-West-Strecken nicht wieder verst\u00e4rkt angeflogen werden.<\/p>\n","protected":false},"excerpt":{"rendered":"<p>In Hochheim wohnt man gerne, damit das so bleibt, muss darauf geachtet werden, da\u00df auch junge Familien hier Fu\u00df fassen k\u00f6nnen. Das [&hellip;]<\/p>\n","protected":false},"author":2,"featured_media":0,"parent":0,"menu_order":0,"comment_status":"closed","ping_status":"closed","template":"","meta":{"footnotes":""},"class_list":["post-117","page","type-page","status-publish","hentry"],"_links":{"self":[{"href":"https:\/\/dirk-westedt.de\/index.php?rest_route=\/wp\/v2\/pages\/117","targetHints":{"allow":["GET"]}}],"collection":[{"href":"https:\/\/dirk-westedt.de\/index.php?rest_route=\/wp\/v2\/pages"}],"about":[{"href":"https:\/\/dirk-westedt.de\/index.php?rest_route=\/wp\/v2\/types\/page"}],"author":[{"embeddable":true,"href":"https:\/\/dirk-westedt.de\/index.php?rest_route=\/wp\/v2\/users\/2"}],"replies":[{"embeddable":true,"href":"https:\/\/dirk-westedt.de\/index.php?rest_route=%2Fwp%2Fv2%2Fcomments&post=117"}],"version-history":[{"count":2,"href":"https:\/\/dirk-westedt.de\/index.php?rest_route=\/wp\/v2\/pages\/117\/revisions"}],"predecessor-version":[{"id":205,"href":"https:\/\/dirk-westedt.de\/index.php?rest_route=\/wp\/v2\/pages\/117\/revisions\/205"}],"wp:attachment":[{"href":"https:\/\/dirk-westedt.de\/index.php?rest_route=%2Fwp%2Fv2%2Fmedia&parent=117"}],"curies":[{"name":"wp","href":"https:\/\/api.w.org\/{rel}","templated":true}]}}