{"id":115,"date":"2020-03-11T13:54:58","date_gmt":"2020-03-11T13:54:58","guid":{"rendered":"https:\/\/development.dirk-westedt.de\/?page_id=115"},"modified":"2021-01-07T19:34:23","modified_gmt":"2021-01-07T19:34:23","slug":"soziales-und-bildung","status":"publish","type":"page","link":"https:\/\/dirk-westedt.de\/?page_id=115","title":{"rendered":"Soziales und Bildung"},"content":{"rendered":"<p>Die Belange aller Bev\u00f6lkerungsgruppen sind dabei wichtig f\u00fcr mich, der gesellschaftliche Zusammenhang in Hochheim ist zu st\u00e4rken. Die Kinder-, Jugend- und Seniorenarbeit sind dabei besondere Schwerpunkte.<\/p>\n<p>Ich finde, da\u00df Familie und Beruf zusammenpassen m\u00fcssen. Mit st\u00e4dtischer Unterst\u00fctzung sind in den letzten drei Jahren 130 zus\u00e4tzliche Kindertagesst\u00e4ttenpl\u00e4tze entstanden, auch in der Schulkindbetreuung wurden die Kapazit\u00e4ten erweitert. Die Kinderzahlen sind in den letzten Jahren in Hochheim &#8211; wie auch in der Region &#8211; massiv gestiegen, so dass dringend weitere Kapazit\u00e4ten geschaffen werden m\u00fcssen. Im Jahr 2021 sollen noch ca. 130 zus\u00e4tzliche U3- und \u00dc3-Pl\u00e4tze in zwei Einrichtungen (MOMO im Rheingaubogen und SCHATZINSEL in der Frankfurter Stra\u00dfe) gebaut werden, in den Jahren 2022\/2023 folgen dann noch Einrichtungen in der Melibokusstra\u00dfe und in der Dr.-Gerold-Buschlinger-Anlage, ebenfalls nochmals ca. 140 Pl\u00e4tze. Diese Ma\u00dfnahmen bilden den Schwerpunkt bei den laufenden Kosten.<\/p>\n<p>Zeitgleich werden vom Main-Taunus-Kreis mit st\u00e4dtischer Unterst\u00fctzung und einem Aufwand von \u00fcber 20 Millionen Euro sowohl die Weinbergschule wie auch die Astrid-Lindgren-Schule umfangreich erweitert, um allen Schulkindern in Zukunft ein gutes Betreuungsangebot zu bieten.<\/p>\n<p>F\u00fcr unsere \u00e4lteren Mitb\u00fcrger ist es wichtig, m\u00f6glichst lange selbstbestimmt in ihrer Wohnung bleiben zu k\u00f6nnen und gleichzeitig am gesellschaftlichen Leben teilzunehmen. Entsprechende Hilfseinrichtungen und Hilfen sollten weiterhin unterst\u00fctzt werden, ich freue mich auf eine Tagespflegem\u00f6glichkeit im geplanten DRK-Pflegeheim. Die Stadt hat dabei das Angebot der aufsuchenden Seniorenarbeit wie auch der Nachbarschaftshilfe in den letzten Jahren erweitert.<\/p>\n<p>Dar\u00fcber hinaus brauchen \u00e4ltere Mitb\u00fcrger auch bedarfsgerechten Wohnraum, sowohl im preisgebundenen Wohnbau als auch auf dem freien Markt. Deshalb sind auch geeignete Baufl\u00e4chen f\u00fcr den Gescho\u00dfwohnungsbau auszuweisen. Dies erm\u00f6glicht es den \u00e4lteren Hochheimern, aus ihren zu gro\u00dfen H\u00e4usern auszuziehen. In diese k\u00f6nnen dann junge Familien nachziehen.<\/p>\n<p>Ich w\u00fcrde dabei als Erg\u00e4nzung der st\u00e4dtischen Immobilien den Bau eines Hauses f\u00fcr \u201eService-Wohnen\u201c unterst\u00fctzen.<\/p>\n<p>Auch der \u201esoziale Wohnungsbau\u201c ist von mir in den letzten Jahren vorangebracht worden, insgesamt 25 Sozialwohnungen sind in 3 Objekten entstanden. Weitere 82 Wohnungen sollen in den n\u00e4chsten 2-3 Jahren entstehen, die vor allem seniorengerecht sein sollten.<\/p>\n","protected":false},"excerpt":{"rendered":"<p>Die Belange aller Bev\u00f6lkerungsgruppen sind dabei wichtig f\u00fcr mich, der gesellschaftliche Zusammenhang in Hochheim ist zu st\u00e4rken. Die Kinder-, Jugend- und Seniorenarbeit [&hellip;]<\/p>\n","protected":false},"author":2,"featured_media":0,"parent":0,"menu_order":0,"comment_status":"closed","ping_status":"closed","template":"","meta":{"footnotes":""},"class_list":["post-115","page","type-page","status-publish","hentry"],"_links":{"self":[{"href":"https:\/\/dirk-westedt.de\/index.php?rest_route=\/wp\/v2\/pages\/115","targetHints":{"allow":["GET"]}}],"collection":[{"href":"https:\/\/dirk-westedt.de\/index.php?rest_route=\/wp\/v2\/pages"}],"about":[{"href":"https:\/\/dirk-westedt.de\/index.php?rest_route=\/wp\/v2\/types\/page"}],"author":[{"embeddable":true,"href":"https:\/\/dirk-westedt.de\/index.php?rest_route=\/wp\/v2\/users\/2"}],"replies":[{"embeddable":true,"href":"https:\/\/dirk-westedt.de\/index.php?rest_route=%2Fwp%2Fv2%2Fcomments&post=115"}],"version-history":[{"count":2,"href":"https:\/\/dirk-westedt.de\/index.php?rest_route=\/wp\/v2\/pages\/115\/revisions"}],"predecessor-version":[{"id":204,"href":"https:\/\/dirk-westedt.de\/index.php?rest_route=\/wp\/v2\/pages\/115\/revisions\/204"}],"wp:attachment":[{"href":"https:\/\/dirk-westedt.de\/index.php?rest_route=%2Fwp%2Fv2%2Fmedia&parent=115"}],"curies":[{"name":"wp","href":"https:\/\/api.w.org\/{rel}","templated":true}]}}